{"id":534,"date":"2026-03-13T06:19:26","date_gmt":"2026-03-13T06:19:26","guid":{"rendered":"https:\/\/www.vbmstudio.hr\/it\/about-2\/"},"modified":"2026-03-13T11:40:19","modified_gmt":"2026-03-13T11:40:19","slug":"about-2","status":"publish","type":"page","link":"http:\/\/www.vbmstudio.hr\/it\/about-2\/","title":{"rendered":"About"},"content":{"rendered":"\n<div class=\"wp-block-uagb-container uagb-layout-grid uagb-block-bfe052b1 alignfull uagb-is-root-container\"><div class=\"uagb-container-inner-blocks-wrap\">\n<div class=\"wp-block-uagb-advanced-heading uagb-block-4de6aee5\"><div class=\"uagb-separator\"><\/div><h1 class=\"uagb-heading-text\">VBM studio d.o.o. &#8211; Va\u0161 IT partner<\/h1><\/div>\n\n\n\n<div class=\"wp-block-uagb-image uagb-block-259aae54 wp-block-uagb-image--layout-default wp-block-uagb-image--effect-static wp-block-uagb-image--align-none\"><figure class=\"wp-block-uagb-image__figure\"><img decoding=\"async\" srcset=\"http:\/\/www.vbmstudio.hr\/it\/wp-content\/uploads\/2026\/03\/pexels-photo-3584973.jpeg ,http:\/\/www.vbmstudio.hr\/it\/wp-content\/uploads\/2026\/03\/pexels-photo-3584973.jpeg 780w, http:\/\/www.vbmstudio.hr\/it\/wp-content\/uploads\/2026\/03\/pexels-photo-3584973.jpeg 360w\" sizes=\"auto, (max-width: 480px) 150px\" src=\"http:\/\/www.vbmstudio.hr\/it\/wp-content\/uploads\/2026\/03\/pexels-photo-3584973.jpeg\" alt=\"Focused shot of a laptop displaying the Pexels login page, highlighting modern digital interface.\" class=\"uag-image-336\" width=\"396\" height=\"380\" title=\"about-img\" loading=\"lazy\" role=\"img\"\/><\/figure><\/div>\n<\/div><\/div>\n\n\n\n<div class=\"wp-block-uagb-container uagb-block-b6c01382 alignfull uagb-is-root-container\"><div class=\"uagb-container-inner-blocks-wrap\">\n<div class=\"wp-block-uagb-image uagb-block-ee911b6e wp-block-uagb-image--layout-default wp-block-uagb-image--effect-static wp-block-uagb-image--align-none\"><figure class=\"wp-block-uagb-image__figure\"><img decoding=\"async\" srcset=\"http:\/\/www.vbmstudio.hr\/it\/wp-content\/uploads\/2026\/03\/pexels-photo-3584974.jpeg ,http:\/\/www.vbmstudio.hr\/it\/wp-content\/uploads\/2026\/03\/pexels-photo-3584974.jpeg 780w, http:\/\/www.vbmstudio.hr\/it\/wp-content\/uploads\/2026\/03\/pexels-photo-3584974.jpeg 360w\" sizes=\"auto, (max-width: 480px) 150px\" src=\"http:\/\/www.vbmstudio.hr\/it\/wp-content\/uploads\/2026\/03\/pexels-photo-3584974.jpeg\" alt=\"Close-up view of a laptop displaying a sign-up page for an online platform.\" class=\"uag-image-337\" width=\"1200\" height=\"450\" title=\"our-experience\" loading=\"lazy\" role=\"img\"\/><\/figure><\/div>\n\n\n\n<div class=\"wp-block-uagb-container uagb-block-3ac84b20\">\n<div class=\"wp-block-uagb-container uag-blocks-common-selector uagb-block-0bc34e4a\">\n<div class=\"wp-block-uagb-advanced-heading uagb-block-7752a12a\"><div class=\"uagb-separator\"><\/div><h2 class=\"uagb-heading-text\">Tko smo i \u0161to radimo<\/h2><\/div>\n\n\n\n<div class=\"wp-block-uagb-image uagb-block-d2071441 wp-block-uagb-image--layout-default wp-block-uagb-image--effect-static wp-block-uagb-image--align-none\"><figure class=\"wp-block-uagb-image__figure\"><img decoding=\"async\" srcset=\"http:\/\/www.vbmstudio.hr\/it\/wp-content\/uploads\/2026\/03\/pexels-photo-13628541.jpeg ,http:\/\/www.vbmstudio.hr\/it\/wp-content\/uploads\/2026\/03\/pexels-photo-13628541.jpeg 780w, http:\/\/www.vbmstudio.hr\/it\/wp-content\/uploads\/2026\/03\/pexels-photo-13628541.jpeg 360w\" sizes=\"auto, (max-width: 480px) 150px\" src=\"http:\/\/www.vbmstudio.hr\/it\/wp-content\/uploads\/2026\/03\/pexels-photo-13628541.jpeg\" alt=\"Close-up of the Google homepage on a screen showing search options.\" class=\"uag-image-338\" width=\"560\" height=\"400\" title=\"about-02\" loading=\"lazy\" role=\"img\"\/><\/figure><\/div>\n<\/div>\n\n\n\n<div class=\"wp-block-uagb-advanced-heading uagb-block-90bd4abb\"><h3 class=\"uagb-heading-text\">Obiteljsko poduze\u0107e s fokusom na IT rje\u0161enja.<\/h3><p class=\"uagb-desc-text\">VBM studio d.o.o. uspje\u0161no poma\u017ee firmama optimizirati njihove IT sustave, pove\u0107avaju\u0107i produktivnost kroz prilago\u0111ena rje\u0161enja, \u0161to rezultira vidljivim pobolj\u0161anjem u svakodnevnom radu i poslovanju klijenata.<\/p><\/div>\n<\/div>\n<\/div><\/div>\n\n\n\n<div class=\"wp-block-uagb-container uagb-block-b7e83894 alignfull uagb-is-root-container\"><div class=\"uagb-container-inner-blocks-wrap\">\n<div class=\"wp-block-uagb-advanced-heading uagb-block-1fe48051\"><div class=\"uagb-separator\"><\/div><h2 class=\"uagb-heading-text\">O nama i na\u0161im uslugama<\/h2><p class=\"uagb-desc-text\">Na\u0161e usluge su prilago\u0111ene potrebama klijenata, a rezultati koje posti\u017eemo osiguravaju dugoro\u010dan uspjeh i zadovoljstvo korisnika.<\/p><\/div>\n\n\n<div class=\"wp-block-uagb-faq uagb-faq__outer-wrap uagb-block-20e9f1df uagb-faq-icon-row-reverse uagb-faq-layout-accordion uagb-faq-expand-first-true uagb-faq-inactive-other-true uagb-faq__wrap uagb-buttons-layout-wrap uagb-faq-equal-height     \" data-faqtoggle=\"true\" role=\"tablist\"><div class=\"wp-block-uagb-faq-child uagb-faq-child__outer-wrap uagb-faq-item uagb-block-e85bdb9d \" role=\"tab\" tabindex=\"0\"><div class=\"uagb-faq-questions-button uagb-faq-questions\">\t\t\t<span class=\"uagb-icon uagb-faq-icon-wrap\">\n\t\t\t\t\t\t\t\t<svg xmlns=\"https:\/\/www.w3.org\/2000\/svg\" viewBox= \"0 0 448 512\"><path d=\"M416 352c-8.188 0-16.38-3.125-22.62-9.375L224 173.3l-169.4 169.4c-12.5 12.5-32.75 12.5-45.25 0s-12.5-32.75 0-45.25l192-192c12.5-12.5 32.75-12.5 45.25 0l192 192c12.5 12.5 12.5 32.75 0 45.25C432.4 348.9 424.2 352 416 352z\"><\/path><\/svg>\n\t\t\t\t\t\t\t<\/span>\n\t\t\t\t\t\t<span class=\"uagb-icon-active uagb-faq-icon-wrap\">\n\t\t\t\t\t\t\t\t<svg xmlns=\"https:\/\/www.w3.org\/2000\/svg\" viewBox= \"0 0 448 512\"><path d=\"M224 416c-8.188 0-16.38-3.125-22.62-9.375l-192-192c-12.5-12.5-12.5-32.75 0-45.25s32.75-12.5 45.25 0L224 338.8l169.4-169.4c12.5-12.5 32.75-12.5 45.25 0s12.5 32.75 0 45.25l-192 192C240.4 412.9 232.2 416 224 416z\"><\/path><\/svg>\n\t\t\t\t\t\t\t<\/span>\n\t\t\t<span class=\"uagb-question\">Na\u0161a misija<\/span><\/div><div class=\"uagb-faq-content\"><p>Osigurati vrhunska IT rje\u0161enja koja osna\u017euju na\u0161e klijente za postizanje boljih poslovnih rezultata.<\/p><\/div><\/div><div class=\"wp-block-uagb-faq-child uagb-faq-child__outer-wrap uagb-faq-item uagb-block-c1da3ed7 \" role=\"tab\" tabindex=\"0\"><div class=\"uagb-faq-questions-button uagb-faq-questions\">\t\t\t<span class=\"uagb-icon uagb-faq-icon-wrap\">\n\t\t\t\t\t\t\t\t<svg xmlns=\"https:\/\/www.w3.org\/2000\/svg\" viewBox= \"0 0 448 512\"><path d=\"M416 352c-8.188 0-16.38-3.125-22.62-9.375L224 173.3l-169.4 169.4c-12.5 12.5-32.75 12.5-45.25 0s-12.5-32.75 0-45.25l192-192c12.5-12.5 32.75-12.5 45.25 0l192 192c12.5 12.5 12.5 32.75 0 45.25C432.4 348.9 424.2 352 416 352z\"><\/path><\/svg>\n\t\t\t\t\t\t\t<\/span>\n\t\t\t\t\t\t<span class=\"uagb-icon-active uagb-faq-icon-wrap\">\n\t\t\t\t\t\t\t\t<svg xmlns=\"https:\/\/www.w3.org\/2000\/svg\" viewBox= \"0 0 448 512\"><path d=\"M224 416c-8.188 0-16.38-3.125-22.62-9.375l-192-192c-12.5-12.5-12.5-32.75 0-45.25s32.75-12.5 45.25 0L224 338.8l169.4-169.4c12.5-12.5 32.75-12.5 45.25 0s12.5 32.75 0 45.25l-192 192C240.4 412.9 232.2 416 224 416z\"><\/path><\/svg>\n\t\t\t\t\t\t\t<\/span>\n\t\t\t<span class=\"uagb-question\">Na\u0161a vizija uspjeha<\/span><\/div><div class=\"uagb-faq-content\"><p>Te\u017eimo biti vode\u0107i pru\u017eatelj IT rje\u0161enja u regiji, poznati po kvaliteti, inovacijama i dugoro\u010dnom partnerstvu s na\u0161im klijentima.<\/p><\/div><\/div><div class=\"wp-block-uagb-faq-child uagb-faq-child__outer-wrap uagb-faq-item uagb-block-7b419e9c \" role=\"tab\" tabindex=\"0\"><div class=\"uagb-faq-questions-button uagb-faq-questions\">\t\t\t<span class=\"uagb-icon uagb-faq-icon-wrap\">\n\t\t\t\t\t\t\t\t<svg xmlns=\"https:\/\/www.w3.org\/2000\/svg\" viewBox= \"0 0 448 512\"><path d=\"M416 352c-8.188 0-16.38-3.125-22.62-9.375L224 173.3l-169.4 169.4c-12.5 12.5-32.75 12.5-45.25 0s-12.5-32.75 0-45.25l192-192c12.5-12.5 32.75-12.5 45.25 0l192 192c12.5 12.5 12.5 32.75 0 45.25C432.4 348.9 424.2 352 416 352z\"><\/path><\/svg>\n\t\t\t\t\t\t\t<\/span>\n\t\t\t\t\t\t<span class=\"uagb-icon-active uagb-faq-icon-wrap\">\n\t\t\t\t\t\t\t\t<svg xmlns=\"https:\/\/www.w3.org\/2000\/svg\" viewBox= \"0 0 448 512\"><path d=\"M224 416c-8.188 0-16.38-3.125-22.62-9.375l-192-192c-12.5-12.5-12.5-32.75 0-45.25s32.75-12.5 45.25 0L224 338.8l169.4-169.4c12.5-12.5 32.75-12.5 45.25 0s12.5 32.75 0 45.25l-192 192C240.4 412.9 232.2 416 224 416z\"><\/path><\/svg>\n\t\t\t\t\t\t\t<\/span>\n\t\t\t<span class=\"uagb-question\">Na\u0161e temeljne vrijednosti<\/span><\/div><div class=\"uagb-faq-content\"><p>Cijenimo transparentnost, inovativnost, fleksibilnost i usmjerenost na klijenta, osiguravaju\u0107i najvi\u0161u razinu usluge.<\/p><\/div><\/div><div class=\"wp-block-uagb-faq-child uagb-faq-child__outer-wrap uagb-faq-item uagb-block-fa45c94f \" role=\"tab\" tabindex=\"0\"><div class=\"uagb-faq-questions-button uagb-faq-questions\">\t\t\t<span class=\"uagb-icon uagb-faq-icon-wrap\">\n\t\t\t\t\t\t\t\t<svg xmlns=\"https:\/\/www.w3.org\/2000\/svg\" viewBox= \"0 0 448 512\"><path d=\"M416 352c-8.188 0-16.38-3.125-22.62-9.375L224 173.3l-169.4 169.4c-12.5 12.5-32.75 12.5-45.25 0s-12.5-32.75 0-45.25l192-192c12.5-12.5 32.75-12.5 45.25 0l192 192c12.5 12.5 12.5 32.75 0 45.25C432.4 348.9 424.2 352 416 352z\"><\/path><\/svg>\n\t\t\t\t\t\t\t<\/span>\n\t\t\t\t\t\t<span class=\"uagb-icon-active uagb-faq-icon-wrap\">\n\t\t\t\t\t\t\t\t<svg xmlns=\"https:\/\/www.w3.org\/2000\/svg\" viewBox= \"0 0 448 512\"><path d=\"M224 416c-8.188 0-16.38-3.125-22.62-9.375l-192-192c-12.5-12.5-12.5-32.75 0-45.25s32.75-12.5 45.25 0L224 338.8l169.4-169.4c12.5-12.5 32.75-12.5 45.25 0s12.5 32.75 0 45.25l-192 192C240.4 412.9 232.2 416 224 416z\"><\/path><\/svg>\n\t\t\t\t\t\t\t<\/span>\n\t\t\t<span class=\"uagb-question\">Nagrade i priznanja<\/span><\/div><div class=\"uagb-faq-content\"><p>Ponosni smo na priznanja koja smo ostvarili za izvrsnost u pru\u017eanju IT usluga.<\/p><\/div><\/div><\/div><\/div><\/div>\n\n\n\n<div class=\"wp-block-uagb-container uagb-block-71d5d729 alignfull uagb-is-root-container\"><div class=\"uagb-container-inner-blocks-wrap\">\n<div class=\"wp-block-uagb-advanced-heading uagb-block-c0ed63b6\"><div class=\"uagb-separator\"><\/div><h2 class=\"uagb-heading-text\">Na\u0161a povijest i razvoj<\/h2><p class=\"uagb-desc-text\">VBM studio d.o.o. osnovan je kao obiteljsko poduze\u0107e s ciljem pru\u017eanja kvalitetnih IT rje\u0161enja lokalnim firmama.<\/p><\/div>\n\n\n\n<div class=\"wp-block-uagb-image uagb-block-3b882c31 wp-block-uagb-image--layout-default wp-block-uagb-image--effect-static wp-block-uagb-image--align-none\"><figure class=\"wp-block-uagb-image__figure\"><img decoding=\"async\" srcset=\"http:\/\/www.vbmstudio.hr\/it\/wp-content\/uploads\/2026\/03\/pexels-photo-442152.jpeg ,http:\/\/www.vbmstudio.hr\/it\/wp-content\/uploads\/2026\/03\/pexels-photo-442152.jpeg 780w, http:\/\/www.vbmstudio.hr\/it\/wp-content\/uploads\/2026\/03\/pexels-photo-442152.jpeg 360w\" sizes=\"auto, (max-width: 480px) 150px\" src=\"http:\/\/www.vbmstudio.hr\/it\/wp-content\/uploads\/2026\/03\/pexels-photo-442152.jpeg\" alt=\"Crop focused Asian engineer in white shirt using modern netbook while working with hardware\" class=\"uag-image-332\" width=\"360\" height=\"460\" title=\"ours-journey\" loading=\"lazy\" role=\"img\"\/><\/figure><\/div>\n\n\n\n<div class=\"wp-block-uagb-advanced-heading uagb-block-441d128f\"><h3 class=\"uagb-heading-text\">Razvoj i rast kroz godine<\/h3><p class=\"uagb-desc-text\">Tijekom godina, VBM studio d.o.o. je kontinuirano rastao i razvijao svoje usluge, stekav\u0161i povjerenje brojnih klijenata kroz profesionalnost i prilagodljivost, \u010dime je osigurao stabilnu poziciju na tr\u017ei\u0161tu.<\/p><\/div>\n<\/div><\/div>\n","protected":false},"excerpt":{"rendered":"<p>VBM studio d.o.o. &#8211; Va\u0161 IT partner Tko smo i \u0161to radimo Obiteljsko poduze\u0107e s fokusom na IT rje\u0161enja. VBM [&hellip;]<\/p>\n","protected":false},"author":1,"featured_media":0,"parent":0,"menu_order":0,"comment_status":"closed","ping_status":"closed","template":"","meta":{"_uag_custom_page_level_css":"","site-sidebar-layout":"default","site-content-layout":"","ast-site-content-layout":"default","site-content-style":"default","site-sidebar-style":"default","ast-global-header-display":"","ast-banner-title-visibility":"","ast-main-header-display":"","ast-hfb-above-header-display":"","ast-hfb-below-header-display":"","ast-hfb-mobile-header-display":"","site-post-title":"disabled","ast-breadcrumbs-content":"","ast-featured-img":"","footer-sml-layout":"","ast-disable-related-posts":"","theme-transparent-header-meta":"","adv-header-id-meta":"","stick-header-meta":"","header-above-stick-meta":"","header-main-stick-meta":"","header-below-stick-meta":"","astra-migrate-meta-layouts":"default","ast-page-background-enabled":"default","ast-page-background-meta":{"desktop":{"background-color":"var(--ast-global-color-4)","background-image":"","background-repeat":"repeat","background-position":"center center","background-size":"auto","background-attachment":"scroll","background-type":"","background-media":"","overlay-type":"","overlay-color":"","overlay-opacity":"","overlay-gradient":""},"tablet":{"background-color":"","background-image":"","background-repeat":"repeat","background-position":"center center","background-size":"auto","background-attachment":"scroll","background-type":"","background-media":"","overlay-type":"","overlay-color":"","overlay-opacity":"","overlay-gradient":""},"mobile":{"background-color":"","background-image":"","background-repeat":"repeat","background-position":"center center","background-size":"auto","background-attachment":"scroll","background-type":"","background-media":"","overlay-type":"","overlay-color":"","overlay-opacity":"","overlay-gradient":""}},"ast-content-background-meta":{"desktop":{"background-color":"var(--ast-global-color-5)","background-image":"","background-repeat":"repeat","background-position":"center center","background-size":"auto","background-attachment":"scroll","background-type":"","background-media":"","overlay-type":"","overlay-color":"","overlay-opacity":"","overlay-gradient":""},"tablet":{"background-color":"var(--ast-global-color-5)","background-image":"","background-repeat":"repeat","background-position":"center center","background-size":"auto","background-attachment":"scroll","background-type":"","background-media":"","overlay-type":"","overlay-color":"","overlay-opacity":"","overlay-gradient":""},"mobile":{"background-color":"var(--ast-global-color-5)","background-image":"","background-repeat":"repeat","background-position":"center center","background-size":"auto","background-attachment":"scroll","background-type":"","background-media":"","overlay-type":"","overlay-color":"","overlay-opacity":"","overlay-gradient":""}},"footnotes":""},"class_list":["post-534","page","type-page","status-publish","hentry"],"uagb_featured_image_src":{"full":false,"thumbnail":false,"medium":false,"medium_large":false,"large":false,"1536x1536":false,"2048x2048":false,"album-thumb":false,"photo-thumb":false},"uagb_author_info":{"display_name":"admin","author_link":"http:\/\/www.vbmstudio.hr\/it\/author\/admin\/"},"uagb_comment_info":0,"uagb_excerpt":"VBM studio d.o.o. &#8211; Va\u0161 IT partner Tko smo i \u0161to radimo Obiteljsko poduze\u0107e s fokusom na IT rje\u0161enja. VBM [&hellip;]","_links":{"self":[{"href":"http:\/\/www.vbmstudio.hr\/it\/wp-json\/wp\/v2\/pages\/534","targetHints":{"allow":["GET"]}}],"collection":[{"href":"http:\/\/www.vbmstudio.hr\/it\/wp-json\/wp\/v2\/pages"}],"about":[{"href":"http:\/\/www.vbmstudio.hr\/it\/wp-json\/wp\/v2\/types\/page"}],"author":[{"embeddable":true,"href":"http:\/\/www.vbmstudio.hr\/it\/wp-json\/wp\/v2\/users\/1"}],"replies":[{"embeddable":true,"href":"http:\/\/www.vbmstudio.hr\/it\/wp-json\/wp\/v2\/comments?post=534"}],"version-history":[{"count":4,"href":"http:\/\/www.vbmstudio.hr\/it\/wp-json\/wp\/v2\/pages\/534\/revisions"}],"predecessor-version":[{"id":567,"href":"http:\/\/www.vbmstudio.hr\/it\/wp-json\/wp\/v2\/pages\/534\/revisions\/567"}],"wp:attachment":[{"href":"http:\/\/www.vbmstudio.hr\/it\/wp-json\/wp\/v2\/media?parent=534"}],"curies":[{"name":"wp","href":"https:\/\/api.w.org\/{rel}","templated":true}]}}