{"id":542,"date":"2026-03-13T06:19:45","date_gmt":"2026-03-13T06:19:45","guid":{"rendered":"https:\/\/www.vbmstudio.hr\/it\/services\/"},"modified":"2026-03-13T06:19:50","modified_gmt":"2026-03-13T06:19:50","slug":"services","status":"publish","type":"page","link":"http:\/\/www.vbmstudio.hr\/it\/services\/","title":{"rendered":"Services"},"content":{"rendered":"\n<div class=\"wp-block-uagb-container uagb-layout-grid uagb-block-bfe052b1 alignfull uagb-is-root-container\"><div class=\"uagb-container-inner-blocks-wrap\">\n<div class=\"wp-block-uagb-advanced-heading uagb-block-4de6aee5\"><div class=\"uagb-separator\"><\/div><h1 class=\"uagb-heading-text\">Na\u0161e usluge za IT rje\u0161enja<\/h1><\/div>\n\n\n\n<div class=\"wp-block-uagb-image uagb-block-259aae54 wp-block-uagb-image--layout-default wp-block-uagb-image--effect-static wp-block-uagb-image--align-none\"><figure class=\"wp-block-uagb-image__figure\"><img decoding=\"async\" srcset=\"http:\/\/www.vbmstudio.hr\/it\/wp-content\/uploads\/2026\/03\/pexels-photo-18530501.jpeg ,http:\/\/www.vbmstudio.hr\/it\/wp-content\/uploads\/2026\/03\/pexels-photo-18530501.jpeg 780w, http:\/\/www.vbmstudio.hr\/it\/wp-content\/uploads\/2026\/03\/pexels-photo-18530501.jpeg 360w\" sizes=\"auto, (max-width: 480px) 150px\" src=\"http:\/\/www.vbmstudio.hr\/it\/wp-content\/uploads\/2026\/03\/pexels-photo-18530501.jpeg\" alt=\"A smartphone displaying Google Search trends on a table at night.\" class=\"uag-image-339\" width=\"396\" height=\"380\" title=\"services-img\" loading=\"lazy\" role=\"img\"\/><\/figure><\/div>\n<\/div><\/div>\n\n\n\n<div class=\"wp-block-uagb-container uagb-block-f02a1ac0 alignfull uagb-is-root-container\"><div class=\"uagb-container-inner-blocks-wrap\">\n<div class=\"wp-block-uagb-container uagb-layout-grid uagb-block-1f6539c9\">\n<div class=\"wp-block-uagb-image uagb-block-22bf66dd wp-block-uagb-image--layout-default wp-block-uagb-image--effect-static wp-block-uagb-image--align-none\"><figure class=\"wp-block-uagb-image__figure\"><img decoding=\"async\" srcset=\"http:\/\/www.vbmstudio.hr\/it\/wp-content\/uploads\/2026\/03\/pexels-photo-442152.jpeg ,http:\/\/www.vbmstudio.hr\/it\/wp-content\/uploads\/2026\/03\/pexels-photo-442152.jpeg 780w, http:\/\/www.vbmstudio.hr\/it\/wp-content\/uploads\/2026\/03\/pexels-photo-442152.jpeg 360w\" sizes=\"auto, (max-width: 480px) 150px\" src=\"http:\/\/www.vbmstudio.hr\/it\/wp-content\/uploads\/2026\/03\/pexels-photo-442152.jpeg\" alt=\"Crop focused Asian engineer in white shirt using modern netbook while working with hardware\" class=\"uag-image-332\" width=\"500\" height=\"340\" title=\"services-01\" loading=\"lazy\" role=\"img\"\/><\/figure><\/div>\n\n\n\n<div class=\"wp-block-uagb-advanced-heading uagb-block-7fc15760\"><h2 class=\"uagb-heading-text\">01.<\/h2><\/div>\n\n\n\n<div class=\"wp-block-uagb-advanced-heading uagb-block-d1bf4422\"><h3 class=\"uagb-heading-text\">IT konzultacije<\/h3><p class=\"uagb-desc-text\">Na\u0161e IT konzultacije poma\u017eu firmama u optimizaciji informati\u010dkih sustava, pove\u0107avaju\u0107i produktivnost i efikasnost u poslu. Razvijamo prilago\u0111ena rje\u0161enja na osnovu specifi\u010dnih potreba klijenata kako bismo osigurali dugoro\u010dan uspjeh.<\/p><\/div>\n<\/div>\n\n\n\n<div class=\"wp-block-uagb-container uagb-layout-grid uagb-block-4e23bf70\">\n<div class=\"wp-block-uagb-image uagb-block-5975b480 wp-block-uagb-image--layout-default wp-block-uagb-image--effect-static wp-block-uagb-image--align-none\"><figure class=\"wp-block-uagb-image__figure\"><img decoding=\"async\" srcset=\"http:\/\/www.vbmstudio.hr\/it\/wp-content\/uploads\/2026\/03\/pexels-photo-6039052.jpeg ,http:\/\/www.vbmstudio.hr\/it\/wp-content\/uploads\/2026\/03\/pexels-photo-6039052.jpeg 780w, http:\/\/www.vbmstudio.hr\/it\/wp-content\/uploads\/2026\/03\/pexels-photo-6039052.jpeg 360w\" sizes=\"auto, (max-width: 480px) 150px\" src=\"http:\/\/www.vbmstudio.hr\/it\/wp-content\/uploads\/2026\/03\/pexels-photo-6039052.jpeg\" alt=\"Four hands interlocked, representing unity and teamwork in a symbolic gesture.\" class=\"uag-image-333\" width=\"500\" height=\"340\" title=\"services-02\" loading=\"lazy\" role=\"img\"\/><\/figure><\/div>\n\n\n\n<div class=\"wp-block-uagb-advanced-heading uagb-block-42b1afc3\"><h2 class=\"uagb-heading-text\">02.<\/h2><\/div>\n\n\n\n<div class=\"wp-block-uagb-advanced-heading uagb-block-2b5b97c7\"><h3 class=\"uagb-heading-text\">Razvoj web stranica<\/h3><p class=\"uagb-desc-text\">Na\u0161 tim profesionalaca razvija atraktivne i funkcionalne web stranice prilago\u0111ene potrebama klijenata. Osiguravamo da su web stranice optimizirane za mobilne ure\u0111aje i SEO, \u010dime pobolj\u0161avamo vidljivost klijentovih usluga na internetu.<\/p><\/div>\n<\/div>\n\n\n\n<div class=\"wp-block-uagb-container uagb-layout-grid uagb-block-75fb60e4\">\n<div class=\"wp-block-uagb-image uagb-block-dec8dc2a wp-block-uagb-image--layout-default wp-block-uagb-image--effect-static wp-block-uagb-image--align-none\"><figure class=\"wp-block-uagb-image__figure\"><img decoding=\"async\" srcset=\"http:\/\/www.vbmstudio.hr\/it\/wp-content\/uploads\/2026\/03\/pexels-photo-4486718.jpeg ,http:\/\/www.vbmstudio.hr\/it\/wp-content\/uploads\/2026\/03\/pexels-photo-4486718.jpeg 780w, http:\/\/www.vbmstudio.hr\/it\/wp-content\/uploads\/2026\/03\/pexels-photo-4486718.jpeg 360w\" sizes=\"auto, (max-width: 480px) 150px\" src=\"http:\/\/www.vbmstudio.hr\/it\/wp-content\/uploads\/2026\/03\/pexels-photo-4486718.jpeg\" alt=\"Detailed view of fiber optic patch cables connecting to a blue patch panel in a data center.\" class=\"uag-image-334\" width=\"500\" height=\"340\" title=\"services-03\" loading=\"lazy\" role=\"img\"\/><\/figure><\/div>\n\n\n\n<div class=\"wp-block-uagb-advanced-heading uagb-block-e6ec07d4\"><h2 class=\"uagb-heading-text\">03.<\/h2><\/div>\n\n\n\n<div class=\"wp-block-uagb-advanced-heading uagb-block-99c873e0\"><h3 class=\"uagb-heading-text\">Podr\u0161ka mre\u017enim sustavima<\/h3><p class=\"uagb-desc-text\">Pru\u017eamo tehni\u010dku podr\u0161ku za manje mre\u017ene sustave, koriste\u0107i na\u0161e certifikate za Mikrotik. Na\u0161 tim brzo reagira na tehni\u010dke probleme, omogu\u0107uju\u0107i nesmetano poslovanje i osiguravaju\u0107i stabilnost mre\u017ene infrastrukture va\u0161e tvrtke.<\/p><\/div>\n<\/div>\n\n\n\n<div class=\"wp-block-uagb-container uagb-layout-grid uagb-block-69a1e017\">\n<div class=\"wp-block-uagb-image uagb-block-55e41bb4 wp-block-uagb-image--layout-default wp-block-uagb-image--effect-static wp-block-uagb-image--align-none\"><figure class=\"wp-block-uagb-image__figure\"><img decoding=\"async\" srcset=\"http:\/\/www.vbmstudio.hr\/it\/wp-content\/uploads\/2026\/03\/pexels-photo-442150.jpeg ,http:\/\/www.vbmstudio.hr\/it\/wp-content\/uploads\/2026\/03\/pexels-photo-442150.jpeg 780w, http:\/\/www.vbmstudio.hr\/it\/wp-content\/uploads\/2026\/03\/pexels-photo-442150.jpeg 360w\" sizes=\"auto, (max-width: 480px) 150px\" src=\"http:\/\/www.vbmstudio.hr\/it\/wp-content\/uploads\/2026\/03\/pexels-photo-442150.jpeg\" alt=\"An IT professional configuring network cables in a server rack, focusing on Ethernet connections.\" class=\"uag-image-335\" width=\"500\" height=\"340\" title=\"services-04\" loading=\"lazy\" role=\"img\"\/><\/figure><\/div>\n\n\n\n<div class=\"wp-block-uagb-advanced-heading uagb-block-2d94a4af\"><h2 class=\"uagb-heading-text\">04.<\/h2><\/div>\n\n\n\n<div class=\"wp-block-uagb-advanced-heading uagb-block-0224262a\"><h3 class=\"uagb-heading-text\">Fleksibilna rje\u0161enja<\/h3><p class=\"uagb-desc-text\">Na\u0161i fleksibilni pristupi omogu\u0107uju brzo prilago\u0111avanje tr\u017ei\u0161nim promjenama i zahtjevima klijenata. Upravljanje projektima radimo na osnovu neposrednih potreba kako bismo osigurali optimalna rje\u0161enja u svakom trenutku.<\/p><\/div>\n<\/div>\n\n\n\n<div class=\"wp-block-uagb-advanced-heading uagb-block-847f0174\"><div class=\"uagb-separator\"><\/div><h2 class=\"uagb-heading-text\">Na\u0161 u\u010dinkovit radni proces<\/h2><\/div>\n<\/div><\/div>\n\n\n\n<div class=\"wp-block-uagb-container uagb-layout-grid uagb-block-cd2486f8 alignfull uagb-is-root-container\"><div class=\"uagb-container-inner-blocks-wrap\">\n<div class=\"wp-block-uagb-container uagb-block-680c0089\">\n<div class=\"wp-block-uagb-advanced-heading uagb-block-2c1fc22f\"><p class=\"uagb-heading-text\">Analiza potreba klijenata<\/p><p class=\"uagb-desc-text\">Prvo jasno definiramo potrebe klijenata kako bismo stvorili prilago\u0111ena IT rje\u0161enja za njihove izazove.<\/p><\/div>\n<\/div>\n\n\n\n<div class=\"wp-block-uagb-container uagb-block-f6244a01\">\n<div class=\"wp-block-uagb-advanced-heading uagb-block-3e2e789f\"><p class=\"uagb-heading-text\">Razvoj rje\u0161enja<\/p><p class=\"uagb-desc-text\">Zatim razvijamo rje\u0161enja koja odgovaraju specifi\u010dnim potrebama i ciljevima klijenata, koriste\u0107i najnovije tehnologije.<\/p><\/div>\n<\/div>\n\n\n\n<div class=\"wp-block-uagb-container uagb-block-0815f89c\">\n<div class=\"wp-block-uagb-advanced-heading uagb-block-4fdc0b6f\"><p class=\"uagb-heading-text\">Implementacija i testiranje<\/p><p class=\"uagb-desc-text\">Implementiramo rje\u0161enja i provodimo rigorozno testiranje kako bismo osigurali njihovu funkcionalnost i pouzdanost.<\/p><\/div>\n<\/div>\n\n\n\n<div class=\"wp-block-uagb-container uagb-block-77ffa57b\">\n<div class=\"wp-block-uagb-advanced-heading uagb-block-3b941aaf\"><p class=\"uagb-heading-text\">Kontinuirana podr\u0161ka<\/p><p class=\"uagb-desc-text\">Nakon implementacije, pru\u017eamo kontinuiranu podr\u0161ku i odr\u017eavanje kako bismo osigurali dugotrajan uspjeh na\u0161ih rje\u0161enja.<\/p><\/div>\n<\/div>\n<\/div><\/div>\n","protected":false},"excerpt":{"rendered":"<p>Na\u0161e usluge za IT rje\u0161enja 01. IT konzultacije Na\u0161e IT konzultacije poma\u017eu firmama u optimizaciji informati\u010dkih sustava, pove\u0107avaju\u0107i produktivnost i [&hellip;]<\/p>\n","protected":false},"author":1,"featured_media":0,"parent":0,"menu_order":0,"comment_status":"closed","ping_status":"closed","template":"","meta":{"_uag_custom_page_level_css":"","site-sidebar-layout":"default","site-content-layout":"","ast-site-content-layout":"default","site-content-style":"default","site-sidebar-style":"default","ast-global-header-display":"","ast-banner-title-visibility":"","ast-main-header-display":"","ast-hfb-above-header-display":"","ast-hfb-below-header-display":"","ast-hfb-mobile-header-display":"","site-post-title":"disabled","ast-breadcrumbs-content":"","ast-featured-img":"","footer-sml-layout":"","ast-disable-related-posts":"","theme-transparent-header-meta":"","adv-header-id-meta":"","stick-header-meta":"","header-above-stick-meta":"","header-main-stick-meta":"","header-below-stick-meta":"","astra-migrate-meta-layouts":"default","ast-page-background-enabled":"default","ast-page-background-meta":{"desktop":{"background-color":"var(--ast-global-color-4)","background-image":"","background-repeat":"repeat","background-position":"center center","background-size":"auto","background-attachment":"scroll","background-type":"","background-media":"","overlay-type":"","overlay-color":"","overlay-opacity":"","overlay-gradient":""},"tablet":{"background-color":"","background-image":"","background-repeat":"repeat","background-position":"center center","background-size":"auto","background-attachment":"scroll","background-type":"","background-media":"","overlay-type":"","overlay-color":"","overlay-opacity":"","overlay-gradient":""},"mobile":{"background-color":"","background-image":"","background-repeat":"repeat","background-position":"center center","background-size":"auto","background-attachment":"scroll","background-type":"","background-media":"","overlay-type":"","overlay-color":"","overlay-opacity":"","overlay-gradient":""}},"ast-content-background-meta":{"desktop":{"background-color":"var(--ast-global-color-5)","background-image":"","background-repeat":"repeat","background-position":"center center","background-size":"auto","background-attachment":"scroll","background-type":"","background-media":"","overlay-type":"","overlay-color":"","overlay-opacity":"","overlay-gradient":""},"tablet":{"background-color":"var(--ast-global-color-5)","background-image":"","background-repeat":"repeat","background-position":"center center","background-size":"auto","background-attachment":"scroll","background-type":"","background-media":"","overlay-type":"","overlay-color":"","overlay-opacity":"","overlay-gradient":""},"mobile":{"background-color":"var(--ast-global-color-5)","background-image":"","background-repeat":"repeat","background-position":"center center","background-size":"auto","background-attachment":"scroll","background-type":"","background-media":"","overlay-type":"","overlay-color":"","overlay-opacity":"","overlay-gradient":""}},"footnotes":""},"class_list":["post-542","page","type-page","status-publish","hentry"],"uagb_featured_image_src":{"full":false,"thumbnail":false,"medium":false,"medium_large":false,"large":false,"1536x1536":false,"2048x2048":false,"album-thumb":false,"photo-thumb":false},"uagb_author_info":{"display_name":"admin","author_link":"http:\/\/www.vbmstudio.hr\/it\/author\/admin\/"},"uagb_comment_info":0,"uagb_excerpt":"Na\u0161e usluge za IT rje\u0161enja 01. IT konzultacije Na\u0161e IT konzultacije poma\u017eu firmama u optimizaciji informati\u010dkih sustava, pove\u0107avaju\u0107i produktivnost i [&hellip;]","_links":{"self":[{"href":"http:\/\/www.vbmstudio.hr\/it\/wp-json\/wp\/v2\/pages\/542","targetHints":{"allow":["GET"]}}],"collection":[{"href":"http:\/\/www.vbmstudio.hr\/it\/wp-json\/wp\/v2\/pages"}],"about":[{"href":"http:\/\/www.vbmstudio.hr\/it\/wp-json\/wp\/v2\/types\/page"}],"author":[{"embeddable":true,"href":"http:\/\/www.vbmstudio.hr\/it\/wp-json\/wp\/v2\/users\/1"}],"replies":[{"embeddable":true,"href":"http:\/\/www.vbmstudio.hr\/it\/wp-json\/wp\/v2\/comments?post=542"}],"version-history":[{"count":3,"href":"http:\/\/www.vbmstudio.hr\/it\/wp-json\/wp\/v2\/pages\/542\/revisions"}],"predecessor-version":[{"id":562,"href":"http:\/\/www.vbmstudio.hr\/it\/wp-json\/wp\/v2\/pages\/542\/revisions\/562"}],"wp:attachment":[{"href":"http:\/\/www.vbmstudio.hr\/it\/wp-json\/wp\/v2\/media?parent=542"}],"curies":[{"name":"wp","href":"https:\/\/api.w.org\/{rel}","templated":true}]}}